{"id":129,"date":"2019-12-13T06:50:21","date_gmt":"2019-12-13T06:50:21","guid":{"rendered":"https:\/\/mealwormmachine.com\/?page_id=129"},"modified":"2020-01-02T07:48:12","modified_gmt":"2020-01-02T07:48:12","slug":"about","status":"publish","type":"page","link":"https:\/\/cardboard-shredder.com\/sw\/about\/","title":{"rendered":"Kuhusu"},"content":{"rendered":"<div class=\"kk-star-ratings kksr-auto kksr-align-left kksr-valign-top\"     data-payload='{&quot;align&quot;:&quot;left&quot;,&quot;id&quot;:&quot;8279&quot;,&quot;slug&quot;:&quot;default&quot;,&quot;valign&quot;:&quot;top&quot;,&quot;ignore&quot;:&quot;&quot;,&quot;reference&quot;:&quot;auto&quot;,&quot;class&quot;:&quot;&quot;,&quot;count&quot;:&quot;80&quot;,&quot;legendonly&quot;:&quot;&quot;,&quot;readonly&quot;:&quot;&quot;,&quot;score&quot;:&quot;4.7&quot;,&quot;starsonly&quot;:&quot;&quot;,&quot;best&quot;:&quot;5&quot;,&quot;gap&quot;:&quot;5&quot;,&quot;greet&quot;:&quot;Rate this post&quot;,&quot;legend&quot;:&quot;4.7\\\/5 - (80 votes)&quot;,&quot;size&quot;:&quot;24&quot;,&quot;title&quot;:&quot;Cardboard Cutter Helps Poland Small Studio Solve Packaging Challenges&quot;,&quot;width&quot;:&quot;133.8&quot;,&quot;_legend&quot;:&quot;{score}\\\/{best} - ({count} {votes})&quot;,&quot;font_factor&quot;:&quot;1.25&quot;}'>              <div class=\"kksr-stars\">      <div class=\"kksr-stars-inactive\">             <div class=\"kksr-star\" data-star=\"1\" style=\"padding-right: 5px\">               <div class=\"kksr-icon\" style=\"width: 24px; height: 24px;\"><\/div>         <\/div>             <div class=\"kksr-star\" data-star=\"2\" style=\"padding-right: 5px\">               <div class=\"kksr-icon\" style=\"width: 24px; height: 24px;\"><\/div>         <\/div>             <div class=\"kksr-star\" data-star=\"3\" style=\"padding-right: 5px\">               <div class=\"kksr-icon\" style=\"width: 24px; height: 24px;\"><\/div>         <\/div>             <div class=\"kksr-star\" data-star=\"4\" style=\"padding-right: 5px\">               <div class=\"kksr-icon\" style=\"width: 24px; height: 24px;\"><\/div>         <\/div>             <div class=\"kksr-star\" data-star=\"5\" style=\"padding-right: 5px\">               <div class=\"kksr-icon\" style=\"width: 24px; height: 24px;\"><\/div>         <\/div>     <\/div>      <div class=\"kksr-stars-active\" style=\"width: 133.8px;\">             <div class=\"kksr-star\" style=\"padding-right: 5px\">               <div class=\"kksr-icon\" style=\"width: 24px; height: 24px;\"><\/div>         <\/div>             <div class=\"kksr-star\" style=\"padding-right: 5px\">               <div class=\"kksr-icon\" style=\"width: 24px; height: 24px;\"><\/div>         <\/div>             <div class=\"kksr-star\" style=\"padding-right: 5px\">               <div class=\"kksr-icon\" style=\"width: 24px; height: 24px;\"><\/div>         <\/div>             <div class=\"kksr-star\" style=\"padding-right: 5px\">               <div class=\"kksr-icon\" style=\"width: 24px; height: 24px;\"><\/div>         <\/div>             <div class=\"kksr-star\" style=\"padding-right: 5px\">               <div class=\"kksr-icon\" style=\"width: 24px; height: 24px;\"><\/div>         <\/div>     <\/div> <\/div>                   <div class=\"kksr-legend\" style=\"font-size: 19.2px;\">             4.7\/5 - (kura 80)    <\/div>     <\/div> \t\t<div data-elementor-type=\"wp-page\" data-elementor-id=\"129\" class=\"elementor elementor-129\" data-elementor-post-type=\"page\"> \t\t\t\t\t\t<section class=\"elementor-section elementor-top-section elementor-element elementor-element-17d151af elementor-section-full_width elementor-section-height-min-height elementor-section-height-default elementor-section-items-middle\" data-id=\"17d151af\" data-element_type=\"section\" data-e-type=\"section\"> \t\t\t\t\t\t<div class=\"elementor-container elementor-column-gap-default\"> \t\t\t\t\t<div class=\"elementor-column elementor-col-100 elementor-top-column elementor-element elementor-element-67311eda\" data-id=\"67311eda\" data-element_type=\"column\" data-e-type=\"column\"> \t\t\t<div class=\"elementor-widget-wrap elementor-element-populated\"> \t\t\t\t\t\t<div class=\"elementor-element elementor-element-7dab401f elementor-view-default elementor-widget elementor-widget-icon\" data-id=\"7dab401f\" data-element_type=\"widget\" data-e-type=\"widget\" data-widget_type=\"icon.default\"> \t\t\t\t\t\t\t<div class=\"elementor-icon-wrapper\"> \t\t\t<a class=\"elementor-icon elementor-animation-sink\" href=\"#down\"> \t\t\t<svg xmlns=\"http:\/\/www.w3.org\/2000\/svg\" width=\"22.141\" height=\"41.0008\" viewbox=\"0 0 22.141 41.0008\"><title>1<\/title><g id=\"f1d121dd-2fd6-488e-ab66-46a3ffdb65e0\" data-name=\"Layer 2\"><g id=\"a8bf0207-953c-4a3d-9d70-d9875ea768f4\" data-name=\"Layer 1\"><path d=\"M.333,30.727A1.1165,1.1165,0,0,1,1.904,29.14l8.047,8.047V1.127A1.1178,1.1178,0,0,1,11.062,0a1.1314,1.1314,0,0,1,1.127,1.127v36.06l8.032-8.047a1.1393,1.1393,0,0,1,1.587,0,1.1119,1.1119,0,0,1,0,1.587l-9.952,9.952a1.12,1.12,0,0,1-1.571,0Z\"><\/path><\/g><\/g><\/svg>\t\t\t<\/a> \t\t<\/div> \t\t\t\t\t\t<\/div> \t\t\t\t\t<\/div> \t\t<\/div> \t\t\t\t\t<\/div> \t\t<\/section> \t\t\t\t<section class=\"elementor-section elementor-top-section elementor-element elementor-element-a6d9e22 elementor-section-height-min-height elementor-section-boxed elementor-section-height-default elementor-section-items-middle\" data-id=\"a6d9e22\" data-element_type=\"section\" data-e-type=\"section\"> \t\t\t\t\t\t<div class=\"elementor-container elementor-column-gap-default\"> \t\t\t\t\t<div class=\"elementor-column elementor-col-100 elementor-top-column elementor-element elementor-element-2b10870\" data-id=\"2b10870\" data-element_type=\"column\" data-e-type=\"column\"> \t\t\t<div class=\"elementor-widget-wrap elementor-element-populated\"> \t\t\t\t\t\t<div class=\"elementor-element elementor-element-9a566cc elementor-widget elementor-widget-heading\" data-id=\"9a566cc\" data-element_type=\"widget\" data-e-type=\"widget\" data-widget_type=\"heading.default\"> \t\t\t\t\t<h1 class=\"elementor-heading-title elementor-size-default\">Kuhusu Sisi<\/h1>\t\t\t\t<\/div> \t\t\t\t\t<\/div> \t\t<\/div> \t\t\t\t\t<\/div> \t\t<\/section> \t\t\t\t<section class=\"elementor-section elementor-top-section elementor-element elementor-element-84853f5 elementor-section-full_width elementor-section-content-middle elementor-section-height-default elementor-section-height-default\" data-id=\"84853f5\" data-element_type=\"section\" data-e-type=\"section\"> \t\t\t\t\t\t<div class=\"elementor-container elementor-column-gap-no\"> \t\t\t\t\t<div class=\"elementor-column elementor-col-33 elementor-top-column elementor-element elementor-element-5ecbc4cf\" data-id=\"5ecbc4cf\" data-element_type=\"column\" data-e-type=\"column\"> \t\t\t<div class=\"elementor-widget-wrap elementor-element-populated\"> \t\t\t\t\t\t<div class=\"elementor-element elementor-element-bb2db9c elementor-widget elementor-widget-text-editor\" data-id=\"bb2db9c\" data-element_type=\"widget\" data-e-type=\"widget\" data-widget_type=\"text-editor.default\"> \t\t\t\t\t\t\t\t\t<p>Hadithi yetu<\/p>\t\t\t\t\t\t\t\t<\/div> \t\t\t\t<div class=\"elementor-element elementor-element-7fb4feb6 elementor-widget elementor-widget-heading\" data-id=\"7fb4feb6\" data-element_type=\"widget\" data-e-type=\"widget\" data-widget_type=\"heading.default\"> \t\t\t\t\t<h3 class=\"elementor-heading-title elementor-size-default\">Kuhusu Shuliy<\/h3>\t\t\t\t<\/div> \t\t\t\t<div class=\"elementor-element elementor-element-173d67e6 elementor-widget-divider--view-line elementor-widget elementor-widget-divider\" data-id=\"173d67e6\" data-element_type=\"widget\" data-e-type=\"widget\" data-widget_type=\"divider.default\"> \t\t\t\t\t\t\t<div class=\"elementor-divider\"> \t\t\t<span class=\"elementor-divider-separator\"> \t\t\t\t\t\t<\/span> \t\t<\/div> \t\t\t\t\t\t<\/div> \t\t\t\t\t<\/div> \t\t<\/div> \t\t\t\t<div class=\"elementor-column elementor-col-33 elementor-top-column elementor-element elementor-element-45319428\" data-id=\"45319428\" data-element_type=\"column\" data-e-type=\"column\"> \t\t\t<div class=\"elementor-widget-wrap elementor-element-populated\"> \t\t\t\t\t\t<div class=\"elementor-element elementor-element-5b33aa37 elementor-widget elementor-widget-text-editor\" data-id=\"5b33aa37\" data-element_type=\"widget\" data-e-type=\"widget\" data-widget_type=\"text-editor.default\"> \t\t\t\t\t\t\t\t\t<p>Shuliy\u00a0ni mtengenezaji aliyebobea katika utengenezaji wa mashine\u00a0za kuchana kadi\u00a0kwa zaidi ya miaka 10. Kulingana na dhana ya maendeleo endelevu,\u00a0vipasua kadibodi tulizotengeneza vinaboresha pakubwa matumizi ya karatasi na masanduku taka, na kuchangia katika ulinzi wa mazingira. Tunatii huduma inayolengwa na watu\u00a0na huduma ya kina ya mauzo ya awali, mauzo na baada ya mauzo, ambayo yamefanya wateja wetu waaminiwe na kusifiwa.<\/p><p>Kama mtengenezaji kwa dhamiri, tumejitolea kutengeneza na kubuni mashine za kusaga kadibodi zilizopotea kwa juhudi kubwa na kubeba mzigo wa ulinzi wa mazingira.<\/p>\t\t\t\t\t\t\t\t<\/div> \t\t\t\t\t<\/div> \t\t<\/div> \t\t\t\t<div class=\"elementor-column elementor-col-33 elementor-top-column elementor-element elementor-element-5e260f5a\" data-id=\"5e260f5a\" data-element_type=\"column\" data-e-type=\"column\"> \t\t\t<div class=\"elementor-widget-wrap elementor-element-populated\"> \t\t\t\t\t\t<div class=\"elementor-element elementor-element-bb84fd0 elementor-widget elementor-widget-image\" data-id=\"bb84fd0\" data-element_type=\"widget\" data-e-type=\"widget\" data-widget_type=\"image.default\"> \t\t\t\t\t\t\t\t\t\t\t\t\t\t\t<img fetchpriority=\"high\" decoding=\"async\" width=\"720\" height=\"540\" src=\"https:\/\/cardboard-shredder.com\/wp-content\/uploads\/2020\/01\/taizy-company.jpg\" class=\"attachment-large size-large wp-image-296\" alt=\"\" srcset=\"https:\/\/cardboard-shredder.com\/wp-content\/uploads\/2020\/01\/taizy-company.jpg 720w, https:\/\/cardboard-shredder.com\/wp-content\/uploads\/2020\/01\/taizy-company-300x225.jpg 300w\" sizes=\"(max-width: 720px) 100vw, 720px\" \/>\t\t\t\t\t\t\t\t\t\t\t\t\t\t\t<\/div> \t\t\t\t\t<\/div> \t\t<\/div> \t\t\t\t\t<\/div> \t\t<\/section> \t\t\t\t<section class=\"elementor-section elementor-top-section elementor-element elementor-element-3b0d1f38 elementor-section-full_width elementor-section-height-min-height elementor-section-items-stretch elementor-section-height-default\" data-id=\"3b0d1f38\" data-element_type=\"section\" data-e-type=\"section\" data-settings=\"{&quot;background_background&quot;:&quot;classic&quot;}\"> \t\t\t\t\t\t<div class=\"elementor-container elementor-column-gap-default\"> \t\t\t\t\t<div class=\"elementor-column elementor-col-100 elementor-top-column elementor-element elementor-element-4a27ea18\" data-id=\"4a27ea18\" data-element_type=\"column\" data-e-type=\"column\"> \t\t\t<div class=\"elementor-widget-wrap elementor-element-populated\"> \t\t\t\t\t\t<div class=\"elementor-element elementor-element-5de3513a elementor-widget elementor-widget-heading\" data-id=\"5de3513a\" data-element_type=\"widget\" data-e-type=\"widget\" data-widget_type=\"heading.default\"> \t\t\t\t\t<h3 class=\"elementor-heading-title elementor-size-default\">Blogu <\/h3>\t\t\t\t<\/div> \t\t\t\t<div class=\"elementor-element elementor-element-26173a1 elementor-widget-divider--view-line elementor-widget elementor-widget-divider\" data-id=\"26173a1\" data-element_type=\"widget\" data-e-type=\"widget\" data-widget_type=\"divider.default\"> \t\t\t\t\t\t\t<div class=\"elementor-divider\"> \t\t\t<span class=\"elementor-divider-separator\"> \t\t\t\t\t\t<\/span> \t\t<\/div> \t\t\t\t\t\t<\/div> \t\t\t\t<div class=\"elementor-element elementor-element-589eea38 elementor-posts--thumbnail-none elementor-posts--align-left elementor-grid-3 elementor-grid-tablet-2 elementor-grid-mobile-1 elementor-posts__hover-gradient elementor-widget elementor-widget-posts\" data-id=\"589eea38\" data-element_type=\"widget\" data-e-type=\"widget\" data-settings=\"{&quot;cards_row_gap&quot;:{&quot;unit&quot;:&quot;px&quot;,&quot;size&quot;:30,&quot;sizes&quot;:[]},&quot;cards_columns&quot;:&quot;3&quot;,&quot;cards_columns_tablet&quot;:&quot;2&quot;,&quot;cards_columns_mobile&quot;:&quot;1&quot;,&quot;cards_row_gap_tablet&quot;:{&quot;unit&quot;:&quot;px&quot;,&quot;size&quot;:&quot;&quot;,&quot;sizes&quot;:[]},&quot;cards_row_gap_mobile&quot;:{&quot;unit&quot;:&quot;px&quot;,&quot;size&quot;:&quot;&quot;,&quot;sizes&quot;:[]}}\" data-widget_type=\"posts.cards\"> \t\t\t\t<div class=\"elementor-widget-container\"> \t\t\t\t\t\t\t<div class=\"elementor-posts-container elementor-posts elementor-posts--skin-cards elementor-grid\" role=\"list\"> \t\t\t\t<article class=\"elementor-post elementor-grid-item post-8314 post type-post status-publish format-standard has-post-thumbnail hentry category-news tag-cardboard\" role=\"listitem\"> \t\t\t<div class=\"elementor-post__card\"> \t\t\t\t<div class=\"elementor-post__text\"> \t\t\t\t<h3 class=\"elementor-post__title\"> \t\t\t<a href=\"https:\/\/cardboard-shredder.com\/sw\/strip-cut-vs-honeycomb-cut-of-cardboard-shredder\/\" > \t\t\t\tKukata kwa mistari dhidi ya kukata kwa nyuzi za asali: bidhaa mbili za mwisho za mashine ya kukata karatasi\t\t\t<\/a> \t\t<\/h3> \t\t\t\t<div class=\"elementor-post__excerpt\"> \t\t\t<p>Makala haya yanatoa uchambuzi wa kina wa Kukata kwa Mistari dhidi ya Kukata kwa Nyuzi za Asali katika muundo, utendaji wa cushioning, matumizi, n.k. Yanasaidia biashara kuchagua suluhisho bora la kukata na kujaza karatasi ili kufanikisha ufungaji wa kirafiki kwa mazingira, wa bei nafuu.<\/p> \t\t<\/div> \t\t \t\t<a class=\"elementor-post__read-more\" href=\"https:\/\/cardboard-shredder.com\/sw\/strip-cut-vs-honeycomb-cut-of-cardboard-shredder\/\" aria-label=\"Read more about Strip cut VS. honeycomb cut: two final products of cardboard shredder\" tabindex=\"-1\" > \t\t\t\t\t<\/a>  \t\t\t\t<\/div> \t\t\t\t<div class=\"elementor-post__meta-data\"> \t\t\t\t\t<span class=\"elementor-post-date\"> \t\t\tDesemba 30, 2025\t\t<\/span> \t\t\t\t<\/div> \t\t\t\t\t<\/div> \t\t<\/article> \t\t\t\t<article class=\"elementor-post elementor-grid-item post-8298 post type-post status-publish format-standard has-post-thumbnail hentry category-news tag-cardboard\" role=\"listitem\"> \t\t\t<div class=\"elementor-post__card\"> \t\t\t\t<div class=\"elementor-post__text\"> \t\t\t\t<h3 class=\"elementor-post__title\"> \t\t\t<a href=\"https:\/\/cardboard-shredder.com\/sw\/what-is-the-best-machine-to-shred-cardboard-for-packaging\/\" > \t\t\t\tNini mashine bora ya kukata karatasi za cardboard kwa ufungaji?\t\t\t<\/a> \t\t<\/h3> \t\t\t\t<div class=\"elementor-post__excerpt\"> \t\t\t<p>Shuliy cardboard shredder hubadilisha katoni zilizotupwa kuwa nyenzo za kujaza za honeycomb au za mistari za ubora wa juu. Inafaa kwa maghala, wauzaji wa e-commerce, na kampuni za ufungaji zinazotafuta suluhisho la gharama nafuu na rafiki wa mazingira.<\/p> \t\t<\/div> \t\t \t\t<a class=\"elementor-post__read-more\" href=\"https:\/\/cardboard-shredder.com\/sw\/what-is-the-best-machine-to-shred-cardboard-for-packaging\/\" aria-label=\"Read more about What is the best machine to shred cardboard for packaging?\" tabindex=\"-1\" > \t\t\t\t\t<\/a>  \t\t\t\t<\/div> \t\t\t\t<div class=\"elementor-post__meta-data\"> \t\t\t\t\t<span class=\"elementor-post-date\"> \t\t\tNovemba 20, 2025\t\t<\/span> \t\t\t\t<\/div> \t\t\t\t\t<\/div> \t\t<\/article> \t\t\t\t<article class=\"elementor-post elementor-grid-item post-8279 post type-post status-publish format-standard has-post-thumbnail hentry category-news tag-cardboard\" role=\"listitem\"> \t\t\t<div class=\"elementor-post__card\"> \t\t\t\t<div class=\"elementor-post__text\"> \t\t\t\t<h3 class=\"elementor-post__title\"> \t\t\t<a href=\"https:\/\/cardboard-shredder.com\/sw\/cardboard-cutter-sent-to-poland\/\" > \t\t\t\tKikataji cha Kadibodi Husaidia Studio Ndogo ya Poland Kutatua Changamoto za Ufungaji\t\t\t<\/a> \t\t<\/h3> \t\t\t\t<div class=\"elementor-post__excerpt\"> \t\t\t<p>Kampuni ndogo ya vifaa vya upakiaji ya Polandi imepunguza gharama zake za ufungashaji kwa ufanisi kwa kuanzisha mashine ya kukata kadibodi ambayo hubadilisha ubao wa karatasi uliotupwa kuwa kichujio muhimu cha ufungaji.<\/p> \t\t<\/div> \t\t \t\t<a class=\"elementor-post__read-more\" href=\"https:\/\/cardboard-shredder.com\/sw\/cardboard-cutter-sent-to-poland\/\" aria-label=\"L\u00e4s mer om hur kartongsk\u00e4rare hj\u00e4lper sm\u00e5 studio i Polen att l\u00f6sa f\u00f6rpackningsutmaningar\" tabindex=\"-1\" > \t\t\t\t\t<\/a>  \t\t\t\t<\/div> \t\t\t\t<div class=\"elementor-post__meta-data\"> \t\t\t\t\t<span class=\"elementor-post-date\"> \t\t\tFebruari 13, 2025\t\t<\/span> \t\t\t\t<\/div> \t\t\t\t\t<\/div> \t\t<\/article> \t\t\t\t<\/div> \t\t \t\t\t\t\t\t<\/div> \t\t\t\t<\/div> \t\t\t\t\t<\/div> \t\t<\/div> \t\t\t\t\t<\/div> \t\t<\/section> \t\t\t\t<\/div>","protected":false},"excerpt":{"rendered":"<p>1 About Us Our story About Shuliy Shuliy\u00a0is a manufacturer specializing in the production of cardboard\u00a0shredders\u00a0for more than 10 years. Based on the concept of sustainable development,\u00a0the cardboard shredders we made greatly improve the utilization of waste paper and boxes, and contribute to the protection of the environment. We adhere to the people-oriented\u00a0and comprehensive pre-sale, [&hellip;]<\/p>\n","protected":false},"author":1,"featured_media":0,"parent":0,"menu_order":0,"comment_status":"closed","ping_status":"closed","template":"","meta":{"footnotes":""},"class_list":["post-129","page","type-page","status-publish","hentry"],"_links":{"self":[{"href":"https:\/\/cardboard-shredder.com\/sw\/wp-json\/wp\/v2\/pages\/129","targetHints":{"allow":["GET"]}}],"collection":[{"href":"https:\/\/cardboard-shredder.com\/sw\/wp-json\/wp\/v2\/pages"}],"about":[{"href":"https:\/\/cardboard-shredder.com\/sw\/wp-json\/wp\/v2\/types\/page"}],"author":[{"embeddable":true,"href":"https:\/\/cardboard-shredder.com\/sw\/wp-json\/wp\/v2\/users\/1"}],"replies":[{"embeddable":true,"href":"https:\/\/cardboard-shredder.com\/sw\/wp-json\/wp\/v2\/comments?post=129"}],"version-history":[{"count":0,"href":"https:\/\/cardboard-shredder.com\/sw\/wp-json\/wp\/v2\/pages\/129\/revisions"}],"wp:attachment":[{"href":"https:\/\/cardboard-shredder.com\/sw\/wp-json\/wp\/v2\/media?parent=129"}],"curies":[{"name":"wp","href":"https:\/\/api.w.org\/{rel}","templated":true}]}}