{"id":2,"date":"2019-12-12T02:45:15","date_gmt":"2019-12-12T02:45:15","guid":{"rendered":"https:\/\/mealwormmachine.com\/?page_id=2"},"modified":"2024-12-02T17:52:07","modified_gmt":"2024-12-02T09:52:07","slug":"home-page","status":"publish","type":"page","link":"https:\/\/cardboard-shredder.com\/pt\/","title":{"rendered":"P\u00e1gina inicial"},"content":{"rendered":"<div data-elementor-type=\"wp-page\" data-elementor-id=\"2\" class=\"elementor elementor-2\" data-elementor-post-type=\"page\"> \t\t\t\t<div class=\"elementor-element elementor-element-9e161c7 e-con-full e-flex e-con e-parent\" data-id=\"9e161c7\" data-element_type=\"container\" data-e-type=\"container\" data-settings=\"{&quot;background_background&quot;:&quot;classic&quot;}\"> \t\t\t\t<div class=\"elementor-element elementor-element-b07374f elementor-widget elementor-widget-heading\" data-id=\"b07374f\" data-element_type=\"widget\" data-e-type=\"widget\" data-widget_type=\"heading.default\"> \t\t\t\t\t<h1 class=\"elementor-heading-title elementor-size-xxl\">Fabricante profissional de trituradora de papel\u00e3o<\/h1>\t\t\t\t<\/div> \t\t\t\t<\/div> \t\t<div class=\"elementor-element elementor-element-bf6b0ad e-flex e-con-boxed e-con e-parent\" data-id=\"bf6b0ad\" data-element_type=\"container\" data-e-type=\"container\"> \t\t\t\t\t<div class=\"e-con-inner\"> \t\t<div class=\"elementor-element elementor-element-a683738 e-con-full e-flex e-con e-child\" data-id=\"a683738\" data-element_type=\"container\" data-e-type=\"container\"> \t\t\t\t<div class=\"elementor-element elementor-element-147a3c1 elementor-widget elementor-widget-heading\" data-id=\"147a3c1\" data-element_type=\"widget\" data-e-type=\"widget\" data-widget_type=\"heading.default\"> \t\t\t\t\t<h3 class=\"elementor-heading-title elementor-size-default\">O que \u00e9 trituradora de papel\u00e3o?<\/h3>\t\t\t\t<\/div> \t\t\t\t<div class=\"elementor-element elementor-element-b9643a1 elementor-widget-divider--view-line elementor-widget elementor-widget-divider\" data-id=\"b9643a1\" data-element_type=\"widget\" data-e-type=\"widget\" data-widget_type=\"divider.default\"> \t\t\t\t\t\t\t<div class=\"elementor-divider\"> \t\t\t<span class=\"elementor-divider-separator\"> \t\t\t\t\t\t<\/span> \t\t<\/div> \t\t\t\t\t\t<\/div> \t\t\t\t<div class=\"elementor-element elementor-element-450ed9d elementor-widget elementor-widget-text-editor\" data-id=\"450ed9d\" data-element_type=\"widget\" data-e-type=\"widget\" data-widget_type=\"text-editor.default\"> \t\t\t\t\t\t\t\t\t<p>A trituradora de papel\u00e3o \u00e9 uma esp\u00e9cie de equipamento de prote\u00e7\u00e3o ambiental e \u00e9 projetada para triturar papel\u00e3o e papel desperdi\u00e7ados, melhorando a taxa de aproveitamento de res\u00edduos. O papel\u00e3o picado \u00e9 amplamente aplicado como material de enchimento ou amortecimento em embalagens, como instrumentos de precis\u00e3o, medidores, eletrodom\u00e9sticos, cer\u00e2mica, vidro, artesanato e m\u00f3veis, etc.<\/p>\t\t\t\t\t\t\t\t<\/div> \t\t\t\t<div class=\"elementor-element elementor-element-3559db9 elementor-align-left elementor-mobile-align-center elementor-widget elementor-widget-button\" data-id=\"3559db9\" data-element_type=\"widget\" data-e-type=\"widget\" data-widget_type=\"button.default\"> \t\t\t\t\t\t\t\t\t\t<a class=\"elementor-button elementor-button-link elementor-size-md\" href=\"https:\/\/cardboard-shredder.com\/pt\/industrial-cardboard-shredder\/\"> \t\t\t\t\t\t<span class=\"elementor-button-content-wrapper\"> \t\t\t\t\t\t<span class=\"elementor-button-icon\"> \t\t\t\t<svg aria-hidden=\"true\" class=\"e-font-icon-svg e-fas-angle-double-right\" viewbox=\"0 0 448 512\" xmlns=\"http:\/\/www.w3.org\/2000\/svg\"><path d=\"M224.3 273l-136 136c-9.4 9.4-24.6 9.4-33.9 0l-22.6-22.6c-9.4-9.4-9.4-24.6 0-33.9l96.4-96.4-96.4-96.4c-9.4-9.4-9.4-24.6 0-33.9L54.3 103c9.4-9.4 24.6-9.4 33.9 0l136 136c9.5 9.4 9.5 24.6.1 34zm192-34l-136-136c-9.4-9.4-24.6-9.4-33.9 0l-22.6 22.6c-9.4 9.4-9.4 24.6 0 33.9l96.4 96.4-96.4 96.4c-9.4 9.4-9.4 24.6 0 33.9l22.6 22.6c9.4 9.4 24.6 9.4 33.9 0l136-136c9.4-9.2 9.4-24.4 0-33.8z\"><\/path><\/svg>\t\t\t<\/span> \t\t\t\t\t\t\t\t\t<span class=\"elementor-button-text\">Leia mais<\/span> \t\t\t\t\t<\/span> \t\t\t\t\t<\/a> \t\t\t\t\t\t\t\t<\/div> \t\t\t\t<\/div> \t\t<div class=\"elementor-element elementor-element-b0c378d e-con-full e-flex e-con e-child\" data-id=\"b0c378d\" data-element_type=\"container\" data-e-type=\"container\"> \t\t\t\t<div class=\"elementor-element elementor-element-2e8b64e elementor-widget elementor-widget-image\" data-id=\"2e8b64e\" data-element_type=\"widget\" data-e-type=\"widget\" data-widget_type=\"image.default\"> \t\t\t\t\t\t\t\t\t\t\t\t\t\t\t<img fetchpriority=\"high\" decoding=\"async\" width=\"750\" height=\"929\" src=\"https:\/\/cardboard-shredder.com\/wp-content\/uploads\/2021\/04\/Cardboard-shredder-1.jpg\" class=\"attachment-medium_large size-medium_large wp-image-636\" alt=\"Triturador de papel\u00e3o\" srcset=\"https:\/\/cardboard-shredder.com\/wp-content\/uploads\/2021\/04\/Cardboard-shredder-1.jpg 750w, https:\/\/cardboard-shredder.com\/wp-content\/uploads\/2021\/04\/Cardboard-shredder-1-242x300.jpg 242w\" sizes=\"(max-width: 750px) 100vw, 750px\" \/>\t\t\t\t\t\t\t\t\t\t\t\t\t\t\t<\/div> \t\t\t\t<\/div> \t\t\t\t\t<\/div> \t\t\t\t<\/div> \t\t<div class=\"elementor-element elementor-element-8f2bc42 e-flex e-con-boxed e-con e-parent\" data-id=\"8f2bc42\" data-element_type=\"container\" data-e-type=\"container\"> \t\t\t\t\t<div class=\"e-con-inner\"> \t\t<div class=\"elementor-element elementor-element-79f6b7b e-con-full e-flex e-con e-child\" data-id=\"79f6b7b\" data-element_type=\"container\" data-e-type=\"container\"> \t\t\t\t<div class=\"elementor-element elementor-element-f1b2760 elementor-widget elementor-widget-image\" data-id=\"f1b2760\" data-element_type=\"widget\" data-e-type=\"widget\" data-widget_type=\"image.default\"> \t\t\t\t\t\t\t\t\t\t\t\t\t\t\t<img decoding=\"async\" width=\"720\" height=\"540\" src=\"https:\/\/cardboard-shredder.com\/wp-content\/uploads\/2020\/01\/carboard-shredding-equipment-1.jpg\" class=\"attachment-large size-large wp-image-346\" alt=\"equipamento de tritura\u00e7\u00e3o de papel\u00e3o\" srcset=\"https:\/\/cardboard-shredder.com\/wp-content\/uploads\/2020\/01\/carboard-shredding-equipment-1.jpg 720w, https:\/\/cardboard-shredder.com\/wp-content\/uploads\/2020\/01\/carboard-shredding-equipment-1-300x225.jpg 300w\" sizes=\"(max-width: 720px) 100vw, 720px\" \/>\t\t\t\t\t\t\t\t\t\t\t\t\t\t\t<\/div> \t\t\t\t<\/div> \t\t<div class=\"elementor-element elementor-element-87311a1 e-con-full e-flex e-con e-child\" data-id=\"87311a1\" data-element_type=\"container\" data-e-type=\"container\"> \t\t\t\t<div class=\"elementor-element elementor-element-cc7e897 elementor-widget elementor-widget-heading\" data-id=\"cc7e897\" data-element_type=\"widget\" data-e-type=\"widget\" data-widget_type=\"heading.default\"> \t\t\t\t\t<h3 class=\"elementor-heading-title elementor-size-default\">A perspectiva da trituradora de papel\u00e3o<\/h3>\t\t\t\t<\/div> \t\t\t\t<div class=\"elementor-element elementor-element-84fe999 elementor-widget-divider--view-line elementor-widget elementor-widget-divider\" data-id=\"84fe999\" data-element_type=\"widget\" data-e-type=\"widget\" data-widget_type=\"divider.default\"> \t\t\t\t\t\t\t<div class=\"elementor-divider\"> \t\t\t<span class=\"elementor-divider-separator\"> \t\t\t\t\t\t<\/span> \t\t<\/div> \t\t\t\t\t\t<\/div> \t\t\t\t<div class=\"elementor-element elementor-element-51a7f43 elementor-widget elementor-widget-text-editor\" data-id=\"51a7f43\" data-element_type=\"widget\" data-e-type=\"widget\" data-widget_type=\"text-editor.default\"> \t\t\t\t\t\t\t\t\t<p>A polui\u00e7\u00e3o ambiental cada vez mais grave proporcionou um espa\u00e7o de mercado mais amplo para equipamentos de prote\u00e7\u00e3o ambiental atualizados.\u00a0Como resolver problemas ambientais e melhorar a\u00a0qualidade ambiental\u00a0tornou-se um tema de grande preocupa\u00e7\u00e3o em todo o mundo. Portanto, a escala da ind\u00fastria de equipamentos de prote\u00e7\u00e3o ambiental, incluindo a trituradora de papel\u00e3o, continuar\u00e1 a se expandir em ritmo r\u00e1pido. Espera-se que nos pr\u00f3ximos anos, a ind\u00fastria de trituradoras de papel\u00e3o mantenha uma tend\u00eancia de desenvolvimento cada vez maior, e as perspectivas da ind\u00fastria s\u00e3o muito otimistas.<\/p>\t\t\t\t\t\t\t\t<\/div> \t\t\t\t<div class=\"elementor-element elementor-element-48c9d33 elementor-align-left elementor-mobile-align-center elementor-widget elementor-widget-button\" data-id=\"48c9d33\" data-element_type=\"widget\" data-e-type=\"widget\" data-widget_type=\"button.default\"> \t\t\t\t\t\t\t\t\t\t<a class=\"elementor-button elementor-button-link elementor-size-md\" href=\"https:\/\/cardboard-shredder.com\/pt\/industrial-cardboard-shredder\/\"> \t\t\t\t\t\t<span class=\"elementor-button-content-wrapper\"> \t\t\t\t\t\t<span class=\"elementor-button-icon\"> \t\t\t\t<svg aria-hidden=\"true\" class=\"e-font-icon-svg e-fas-angle-double-right\" viewbox=\"0 0 448 512\" xmlns=\"http:\/\/www.w3.org\/2000\/svg\"><path d=\"M224.3 273l-136 136c-9.4 9.4-24.6 9.4-33.9 0l-22.6-22.6c-9.4-9.4-9.4-24.6 0-33.9l96.4-96.4-96.4-96.4c-9.4-9.4-9.4-24.6 0-33.9L54.3 103c9.4-9.4 24.6-9.4 33.9 0l136 136c9.5 9.4 9.5 24.6.1 34zm192-34l-136-136c-9.4-9.4-24.6-9.4-33.9 0l-22.6 22.6c-9.4 9.4-9.4 24.6 0 33.9l96.4 96.4-96.4 96.4c-9.4 9.4-9.4 24.6 0 33.9l22.6 22.6c9.4 9.4 24.6 9.4 33.9 0l136-136c9.4-9.2 9.4-24.4 0-33.8z\"><\/path><\/svg>\t\t\t<\/span> \t\t\t\t\t\t\t\t\t<span class=\"elementor-button-text\">Leia mais<\/span> \t\t\t\t\t<\/span> \t\t\t\t\t<\/a> \t\t\t\t\t\t\t\t<\/div> \t\t\t\t<\/div> \t\t\t\t\t<\/div> \t\t\t\t<\/div> \t\t<div class=\"elementor-element elementor-element-9edd35d e-flex e-con-boxed e-con e-parent\" data-id=\"9edd35d\" data-element_type=\"container\" data-e-type=\"container\"> \t\t\t\t\t<div class=\"e-con-inner\"> \t\t<div class=\"elementor-element elementor-element-c8d666d e-con-full e-flex e-con e-child\" data-id=\"c8d666d\" data-element_type=\"container\" data-e-type=\"container\"> \t\t\t\t<div class=\"elementor-element elementor-element-b2f6a7c elementor-widget elementor-widget-heading\" data-id=\"b2f6a7c\" data-element_type=\"widget\" data-e-type=\"widget\" data-widget_type=\"heading.default\"> \t\t\t\t\t<h3 class=\"elementor-heading-title elementor-size-default\">Por que escolher a empresa Shuliy?<\/h3>\t\t\t\t<\/div> \t\t\t\t<div class=\"elementor-element elementor-element-cd3dd36 elementor-widget-divider--view-line elementor-widget elementor-widget-divider\" data-id=\"cd3dd36\" data-element_type=\"widget\" data-e-type=\"widget\" data-widget_type=\"divider.default\"> \t\t\t\t\t\t\t<div class=\"elementor-divider\"> \t\t\t<span class=\"elementor-divider-separator\"> \t\t\t\t\t\t<\/span> \t\t<\/div> \t\t\t\t\t\t<\/div> \t\t\t\t<div class=\"elementor-element elementor-element-8e375de elementor-widget elementor-widget-text-editor\" data-id=\"8e375de\" data-element_type=\"widget\" data-e-type=\"widget\" data-widget_type=\"text-editor.default\"> \t\t\t\t\t\t\t\t\t<p>Shuliy\u00a0\u00e9 um fabricante especializado na produ\u00e7\u00e3o de\u00a0trituradoras de papel\u00e3o\u00a0h\u00e1 mais de 10 anos. Com base no conceito de desenvolvimento sustent\u00e1vel,\u00a0as trituradoras de papel\u00e3o que fabricamos melhoram muito o aproveitamento de res\u00edduos de papel e caixas e contribuem para a prote\u00e7\u00e3o do meio ambiente. Aderimos ao servi\u00e7o abrangente e orientado para as pessoas de pr\u00e9-venda, venda e p\u00f3s-venda, que conquistou a confian\u00e7a e os elogios de nossos clientes. Com base na inova\u00e7\u00e3o t\u00e9cnica, prestamos muita aten\u00e7\u00e3o \u00e0 gest\u00e3o da qualidade, melhoramos continuamente os n\u00edveis de servi\u00e7o e realizamos o desenvolvimento saud\u00e1vel do nosso neg\u00f3cio. Agora formamos um\u00a0sistema\u00a0com equipe de gest\u00e3o profissional e elite empresarial. Assumimos a responsabilidade social corporativa, nos esfor\u00e7ando\u00a0para usar a\u00a0m\u00e1quina trituradora de papel\u00e3o para\u00a0proteger melhor o\u00a0ambiente\u00a0em que vivemos e retribuir ativamente \u00e0 sociedade.<\/p><p>No ano recente, a trituradora de papel\u00e3o Shuliy foi entregue a muitos pa\u00edses como Austr\u00e1lia, \u00c1ustria, Bangladesh, Brasil, Canad\u00e1, Rep\u00fablica Tcheca, Equador, \u00cdndia, Indon\u00e9sia, Israel, It\u00e1lia, Jap\u00e3o, Jord\u00e2nia, Mal\u00e1sia, M\u00e9xico, Holanda, Noruega , Paquist\u00e3o, Rom\u00e9nia, R\u00fassia, S\u00e9rvia, \u00c1frica do Sul, Estados Unidos, Turquia etc.<\/p>\t\t\t\t\t\t\t\t<\/div> \t\t\t\t<div class=\"elementor-element elementor-element-871ff78 elementor-align-left elementor-mobile-align-center elementor-widget elementor-widget-button\" data-id=\"871ff78\" data-element_type=\"widget\" data-e-type=\"widget\" data-widget_type=\"button.default\"> \t\t\t\t\t\t\t\t\t\t<a class=\"elementor-button elementor-button-link elementor-size-md\" href=\"https:\/\/cardboard-shredder.com\/pt\/about\/\"> \t\t\t\t\t\t<span class=\"elementor-button-content-wrapper\"> \t\t\t\t\t\t<span class=\"elementor-button-icon\"> \t\t\t\t<svg aria-hidden=\"true\" class=\"e-font-icon-svg e-fas-angle-double-right\" viewbox=\"0 0 448 512\" xmlns=\"http:\/\/www.w3.org\/2000\/svg\"><path d=\"M224.3 273l-136 136c-9.4 9.4-24.6 9.4-33.9 0l-22.6-22.6c-9.4-9.4-9.4-24.6 0-33.9l96.4-96.4-96.4-96.4c-9.4-9.4-9.4-24.6 0-33.9L54.3 103c9.4-9.4 24.6-9.4 33.9 0l136 136c9.5 9.4 9.5 24.6.1 34zm192-34l-136-136c-9.4-9.4-24.6-9.4-33.9 0l-22.6 22.6c-9.4 9.4-9.4 24.6 0 33.9l96.4 96.4-96.4 96.4c-9.4 9.4-9.4 24.6 0 33.9l22.6 22.6c9.4 9.4 24.6 9.4 33.9 0l136-136c9.4-9.2 9.4-24.4 0-33.8z\"><\/path><\/svg>\t\t\t<\/span> \t\t\t\t\t\t\t\t\t<span class=\"elementor-button-text\">Sobre a empresa Shuliy<\/span> \t\t\t\t\t<\/span> \t\t\t\t\t<\/a> \t\t\t\t\t\t\t\t<\/div> \t\t\t\t<\/div> \t\t<div class=\"elementor-element elementor-element-945f89b e-con-full e-flex e-con e-child\" data-id=\"945f89b\" data-element_type=\"container\" data-e-type=\"container\"> \t\t\t\t<div class=\"elementor-element elementor-element-16ae009 elementor-widget elementor-widget-image\" data-id=\"16ae009\" data-element_type=\"widget\" data-e-type=\"widget\" data-widget_type=\"image.default\"> \t\t\t\t\t\t\t\t\t\t\t\t\t\t\t<img decoding=\"async\" width=\"720\" height=\"540\" src=\"https:\/\/cardboard-shredder.com\/wp-content\/uploads\/2021\/04\/Customer-case.jpg\" class=\"attachment-full size-full wp-image-604\" alt=\"Cliente da R\u00fassia encomendou a trituradora de papel\u00e3o\" srcset=\"https:\/\/cardboard-shredder.com\/wp-content\/uploads\/2021\/04\/Customer-case.jpg 720w, https:\/\/cardboard-shredder.com\/wp-content\/uploads\/2021\/04\/Customer-case-300x225.jpg 300w\" sizes=\"(max-width: 720px) 100vw, 720px\" \/>\t\t\t\t\t\t\t\t\t\t\t\t\t\t\t<\/div> \t\t\t\t<\/div> \t\t\t\t\t<\/div> \t\t\t\t<\/div> \t\t<div class=\"elementor-element elementor-element-327b616 e-flex e-con-boxed e-con e-parent\" data-id=\"327b616\" data-element_type=\"container\" data-e-type=\"container\" data-settings=\"{&quot;background_background&quot;:&quot;gradient&quot;,&quot;shape_divider_bottom&quot;:&quot;arrow&quot;,&quot;shape_divider_bottom_negative&quot;:&quot;yes&quot;}\"> \t\t\t\t\t<div class=\"e-con-inner\"> \t\t\t\t<div class=\"elementor-shape elementor-shape-bottom\" aria-hidden=\"true\" data-negative=\"true\"> \t\t\t<svg xmlns=\"http:\/\/www.w3.org\/2000\/svg\" viewbox=\"0 0 700 10\" preserveaspectratio=\"none\"> \t<path class=\"elementor-shape-fill\" d=\"M360 0L350 9.9 340 0 0 0 0 10 700 10 700 0\"\/> <\/svg>\t\t<\/div> \t\t\t\t<div class=\"elementor-element elementor-element-be289fc elementor-widget elementor-widget-heading\" data-id=\"be289fc\" data-element_type=\"widget\" data-e-type=\"widget\" data-widget_type=\"heading.default\"> \t\t\t\t\t<h3 class=\"elementor-heading-title elementor-size-default\">V\u00eddeo de opera\u00e7\u00e3o da trituradora de papel\u00e3o<\/h3>\t\t\t\t<\/div> \t\t\t\t<div class=\"elementor-element elementor-element-e9f1bc7 elementor-widget elementor-widget-video\" data-id=\"e9f1bc7\" data-element_type=\"widget\" data-e-type=\"widget\" data-settings=\"{&quot;youtube_url&quot;:&quot;https:\\\/\\\/youtu.be\\\/vgLfJhFRyR4&quot;,&quot;video_type&quot;:&quot;youtube&quot;,&quot;controls&quot;:&quot;yes&quot;}\" data-widget_type=\"video.default\"> \t\t\t\t\t\t\t<div class=\"elementor-wrapper elementor-open-inline\"> \t\t\t<div class=\"elementor-video\"><\/div>\t\t<\/div> \t\t\t\t\t\t<\/div> \t\t\t\t\t<\/div> \t\t\t\t<\/div> \t\t<div class=\"elementor-element elementor-element-8185531 e-flex e-con-boxed e-con e-parent\" data-id=\"8185531\" data-element_type=\"container\" data-e-type=\"container\" data-settings=\"{&quot;background_background&quot;:&quot;classic&quot;}\"> \t\t\t\t\t<div class=\"e-con-inner\"> \t\t\t\t<div class=\"elementor-element elementor-element-e8a7cd0 elementor-widget elementor-widget-heading\" data-id=\"e8a7cd0\" data-element_type=\"widget\" data-e-type=\"widget\" data-widget_type=\"heading.default\"> \t\t\t\t\t<h3 class=\"elementor-heading-title elementor-size-default\">Entre em contato conosco para saber mais detalhes<\/h3>\t\t\t\t<\/div> \t\t\t\t\t<\/div> \t\t\t\t<\/div> \t\t\t\t<\/div>","protected":false},"excerpt":{"rendered":"<p>Professional cardboard shredder manufacturer What is cardboard shredder? Cardboard shredder is a kind of environmental protection equipment, and is designed to shred wasted cardboard and paper, improving the utilization rate of waste items. The shredded cardboard is widely applied as filling or cushioning material in packaging\u00a0such as precision instruments, meters, appliances, ceramics, glass, crafts\u00a0and furniture\u00a0etc. [&hellip;]<\/p>\n","protected":false},"author":1,"featured_media":0,"parent":0,"menu_order":0,"comment_status":"closed","ping_status":"open","template":"elementor_header_footer","meta":{"footnotes":""},"class_list":["post-2","page","type-page","status-publish","hentry"],"_links":{"self":[{"href":"https:\/\/cardboard-shredder.com\/pt\/wp-json\/wp\/v2\/pages\/2","targetHints":{"allow":["GET"]}}],"collection":[{"href":"https:\/\/cardboard-shredder.com\/pt\/wp-json\/wp\/v2\/pages"}],"about":[{"href":"https:\/\/cardboard-shredder.com\/pt\/wp-json\/wp\/v2\/types\/page"}],"author":[{"embeddable":true,"href":"https:\/\/cardboard-shredder.com\/pt\/wp-json\/wp\/v2\/users\/1"}],"replies":[{"embeddable":true,"href":"https:\/\/cardboard-shredder.com\/pt\/wp-json\/wp\/v2\/comments?post=2"}],"version-history":[{"count":0,"href":"https:\/\/cardboard-shredder.com\/pt\/wp-json\/wp\/v2\/pages\/2\/revisions"}],"wp:attachment":[{"href":"https:\/\/cardboard-shredder.com\/pt\/wp-json\/wp\/v2\/media?parent=2"}],"curies":[{"name":"wp","href":"https:\/\/api.w.org\/{rel}","templated":true}]}}