{"id":2,"date":"2019-12-12T02:45:15","date_gmt":"2019-12-12T02:45:15","guid":{"rendered":"https:\/\/mealwormmachine.com\/?page_id=2"},"modified":"2024-12-02T17:52:07","modified_gmt":"2024-12-02T09:52:07","slug":"home-page","status":"publish","type":"page","link":"https:\/\/cardboard-shredder.com\/fr\/","title":{"rendered":"Page d'accueil"},"content":{"rendered":"<div data-elementor-type=\"wp-page\" data-elementor-id=\"2\" class=\"elementor elementor-2\" data-elementor-post-type=\"page\"> \t\t\t\t<div class=\"elementor-element elementor-element-9e161c7 e-con-full e-flex e-con e-parent\" data-id=\"9e161c7\" data-element_type=\"container\" data-e-type=\"container\" data-settings=\"{&quot;background_background&quot;:&quot;classic&quot;}\"> \t\t\t\t<div class=\"elementor-element elementor-element-b07374f elementor-widget elementor-widget-heading\" data-id=\"b07374f\" data-element_type=\"widget\" data-e-type=\"widget\" data-widget_type=\"heading.default\"> \t\t\t\t\t<h1 class=\"elementor-heading-title elementor-size-xxl\">Fabricant professionnel de broyeur de carton<\/h1>\t\t\t\t<\/div> \t\t\t\t<\/div> \t\t<div class=\"elementor-element elementor-element-bf6b0ad e-flex e-con-boxed e-con e-parent\" data-id=\"bf6b0ad\" data-element_type=\"container\" data-e-type=\"container\"> \t\t\t\t\t<div class=\"e-con-inner\"> \t\t<div class=\"elementor-element elementor-element-a683738 e-con-full e-flex e-con e-child\" data-id=\"a683738\" data-element_type=\"container\" data-e-type=\"container\"> \t\t\t\t<div class=\"elementor-element elementor-element-147a3c1 elementor-widget elementor-widget-heading\" data-id=\"147a3c1\" data-element_type=\"widget\" data-e-type=\"widget\" data-widget_type=\"heading.default\"> \t\t\t\t\t<h3 class=\"elementor-heading-title elementor-size-default\">Qu'est-ce qu'un destructeur de carton ?<\/h3>\t\t\t\t<\/div> \t\t\t\t<div class=\"elementor-element elementor-element-b9643a1 elementor-widget-divider--view-line elementor-widget elementor-widget-divider\" data-id=\"b9643a1\" data-element_type=\"widget\" data-e-type=\"widget\" data-widget_type=\"divider.default\"> \t\t\t\t\t\t\t<div class=\"elementor-divider\"> \t\t\t<span class=\"elementor-divider-separator\"> \t\t\t\t\t\t<\/span> \t\t<\/div> \t\t\t\t\t\t<\/div> \t\t\t\t<div class=\"elementor-element elementor-element-450ed9d elementor-widget elementor-widget-text-editor\" data-id=\"450ed9d\" data-element_type=\"widget\" data-e-type=\"widget\" data-widget_type=\"text-editor.default\"> \t\t\t\t\t\t\t\t\t<p>Le destructeur de carton est une sorte d'\u00e9quipement de protection de l'environnement et est con\u00e7u pour d\u00e9chiqueter le carton et le papier gaspill\u00e9s, am\u00e9liorant ainsi le taux d'utilisation des d\u00e9chets. Le carton d\u00e9chiquet\u00e9 est largement utilis\u00e9 comme mat\u00e9riau de remplissage ou de rembourrage dans les emballages tels que les instruments de pr\u00e9cision, les compteurs, les appareils \u00e9lectrom\u00e9nagers, la c\u00e9ramique, le verre, l'artisanat et les meubles, etc.<\/p>\t\t\t\t\t\t\t\t<\/div> \t\t\t\t<div class=\"elementor-element elementor-element-3559db9 elementor-align-left elementor-mobile-align-center elementor-widget elementor-widget-button\" data-id=\"3559db9\" data-element_type=\"widget\" data-e-type=\"widget\" data-widget_type=\"button.default\"> \t\t\t\t\t\t\t\t\t\t<a class=\"elementor-button elementor-button-link elementor-size-md\" href=\"https:\/\/cardboard-shredder.com\/fr\/industrial-cardboard-shredder\/\"> \t\t\t\t\t\t<span class=\"elementor-button-content-wrapper\"> \t\t\t\t\t\t<span class=\"elementor-button-icon\"> \t\t\t\t<svg aria-hidden=\"true\" class=\"e-font-icon-svg e-fas-angle-double-right\" viewbox=\"0 0 448 512\" xmlns=\"http:\/\/www.w3.org\/2000\/svg\"><path d=\"M224.3 273l-136 136c-9.4 9.4-24.6 9.4-33.9 0l-22.6-22.6c-9.4-9.4-9.4-24.6 0-33.9l96.4-96.4-96.4-96.4c-9.4-9.4-9.4-24.6 0-33.9L54.3 103c9.4-9.4 24.6-9.4 33.9 0l136 136c9.5 9.4 9.5 24.6.1 34zm192-34l-136-136c-9.4-9.4-24.6-9.4-33.9 0l-22.6 22.6c-9.4 9.4-9.4 24.6 0 33.9l96.4 96.4-96.4 96.4c-9.4 9.4-9.4 24.6 0 33.9l22.6 22.6c9.4 9.4 24.6 9.4 33.9 0l136-136c9.4-9.2 9.4-24.4 0-33.8z\"><\/path><\/svg>\t\t\t<\/span> \t\t\t\t\t\t\t\t\t<span class=\"elementor-button-text\">En savoir plus<\/span> \t\t\t\t\t<\/span> \t\t\t\t\t<\/a> \t\t\t\t\t\t\t\t<\/div> \t\t\t\t<\/div> \t\t<div class=\"elementor-element elementor-element-b0c378d e-con-full e-flex e-con e-child\" data-id=\"b0c378d\" data-element_type=\"container\" data-e-type=\"container\"> \t\t\t\t<div class=\"elementor-element elementor-element-2e8b64e elementor-widget elementor-widget-image\" data-id=\"2e8b64e\" data-element_type=\"widget\" data-e-type=\"widget\" data-widget_type=\"image.default\"> \t\t\t\t\t\t\t\t\t\t\t\t\t\t\t<img fetchpriority=\"high\" decoding=\"async\" width=\"750\" height=\"929\" src=\"https:\/\/cardboard-shredder.com\/wp-content\/uploads\/2021\/04\/Cardboard-shredder-1.jpg\" class=\"attachment-medium_large size-medium_large wp-image-636\" alt=\"Broyeur de carton\" srcset=\"https:\/\/cardboard-shredder.com\/wp-content\/uploads\/2021\/04\/Cardboard-shredder-1.jpg 750w, https:\/\/cardboard-shredder.com\/wp-content\/uploads\/2021\/04\/Cardboard-shredder-1-242x300.jpg 242w\" sizes=\"(max-width: 750px) 100vw, 750px\" \/>\t\t\t\t\t\t\t\t\t\t\t\t\t\t\t<\/div> \t\t\t\t<\/div> \t\t\t\t\t<\/div> \t\t\t\t<\/div> \t\t<div class=\"elementor-element elementor-element-8f2bc42 e-flex e-con-boxed e-con e-parent\" data-id=\"8f2bc42\" data-element_type=\"container\" data-e-type=\"container\"> \t\t\t\t\t<div class=\"e-con-inner\"> \t\t<div class=\"elementor-element elementor-element-79f6b7b e-con-full e-flex e-con e-child\" data-id=\"79f6b7b\" data-element_type=\"container\" data-e-type=\"container\"> \t\t\t\t<div class=\"elementor-element elementor-element-f1b2760 elementor-widget elementor-widget-image\" data-id=\"f1b2760\" data-element_type=\"widget\" data-e-type=\"widget\" data-widget_type=\"image.default\"> \t\t\t\t\t\t\t\t\t\t\t\t\t\t\t<img decoding=\"async\" width=\"720\" height=\"540\" src=\"https:\/\/cardboard-shredder.com\/wp-content\/uploads\/2020\/01\/carboard-shredding-equipment-1.jpg\" class=\"attachment-large size-large wp-image-346\" alt=\"\u00e9quipement de d\u00e9chiquetage de carton\" srcset=\"https:\/\/cardboard-shredder.com\/wp-content\/uploads\/2020\/01\/carboard-shredding-equipment-1.jpg 720w, https:\/\/cardboard-shredder.com\/wp-content\/uploads\/2020\/01\/carboard-shredding-equipment-1-300x225.jpg 300w\" sizes=\"(max-width: 720px) 100vw, 720px\" \/>\t\t\t\t\t\t\t\t\t\t\t\t\t\t\t<\/div> \t\t\t\t<\/div> \t\t<div class=\"elementor-element elementor-element-87311a1 e-con-full e-flex e-con e-child\" data-id=\"87311a1\" data-element_type=\"container\" data-e-type=\"container\"> \t\t\t\t<div class=\"elementor-element elementor-element-cc7e897 elementor-widget elementor-widget-heading\" data-id=\"cc7e897\" data-element_type=\"widget\" data-e-type=\"widget\" data-widget_type=\"heading.default\"> \t\t\t\t\t<h3 class=\"elementor-heading-title elementor-size-default\">La perspective du broyeur de carton<\/h3>\t\t\t\t<\/div> \t\t\t\t<div class=\"elementor-element elementor-element-84fe999 elementor-widget-divider--view-line elementor-widget elementor-widget-divider\" data-id=\"84fe999\" data-element_type=\"widget\" data-e-type=\"widget\" data-widget_type=\"divider.default\"> \t\t\t\t\t\t\t<div class=\"elementor-divider\"> \t\t\t<span class=\"elementor-divider-separator\"> \t\t\t\t\t\t<\/span> \t\t<\/div> \t\t\t\t\t\t<\/div> \t\t\t\t<div class=\"elementor-element elementor-element-51a7f43 elementor-widget elementor-widget-text-editor\" data-id=\"51a7f43\" data-element_type=\"widget\" data-e-type=\"widget\" data-widget_type=\"text-editor.default\"> \t\t\t\t\t\t\t\t\t<p>La pollution environnementale de plus en plus grave a fourni un espace de march\u00e9 plus large pour les \u00e9quipements de protection de l'environnement am\u00e9lior\u00e9s. La mani\u00e8re de r\u00e9soudre les probl\u00e8mes environnementaux et d'am\u00e9liorer la qualit\u00e9 de l'environnement est devenue un sujet de grande pr\u00e9occupation dans le monde entier. Par cons\u00e9quent, l'ampleur de l'industrie des \u00e9quipements de protection de l'environnement, y compris la d\u00e9chiqueteuse de carton, continuera \u00e0 se d\u00e9velopper \u00e0 un rythme rapide. On s'attend \u00e0 ce qu'au cours des prochaines ann\u00e9es, l'industrie des d\u00e9chiqueteurs de carton maintienne une tendance de d\u00e9veloppement toujours croissante et les perspectives de l'industrie sont tr\u00e8s optimistes.<\/p>\t\t\t\t\t\t\t\t<\/div> \t\t\t\t<div class=\"elementor-element elementor-element-48c9d33 elementor-align-left elementor-mobile-align-center elementor-widget elementor-widget-button\" data-id=\"48c9d33\" data-element_type=\"widget\" data-e-type=\"widget\" data-widget_type=\"button.default\"> \t\t\t\t\t\t\t\t\t\t<a class=\"elementor-button elementor-button-link elementor-size-md\" href=\"https:\/\/cardboard-shredder.com\/fr\/industrial-cardboard-shredder\/\"> \t\t\t\t\t\t<span class=\"elementor-button-content-wrapper\"> \t\t\t\t\t\t<span class=\"elementor-button-icon\"> \t\t\t\t<svg aria-hidden=\"true\" class=\"e-font-icon-svg e-fas-angle-double-right\" viewbox=\"0 0 448 512\" xmlns=\"http:\/\/www.w3.org\/2000\/svg\"><path d=\"M224.3 273l-136 136c-9.4 9.4-24.6 9.4-33.9 0l-22.6-22.6c-9.4-9.4-9.4-24.6 0-33.9l96.4-96.4-96.4-96.4c-9.4-9.4-9.4-24.6 0-33.9L54.3 103c9.4-9.4 24.6-9.4 33.9 0l136 136c9.5 9.4 9.5 24.6.1 34zm192-34l-136-136c-9.4-9.4-24.6-9.4-33.9 0l-22.6 22.6c-9.4 9.4-9.4 24.6 0 33.9l96.4 96.4-96.4 96.4c-9.4 9.4-9.4 24.6 0 33.9l22.6 22.6c9.4 9.4 24.6 9.4 33.9 0l136-136c9.4-9.2 9.4-24.4 0-33.8z\"><\/path><\/svg>\t\t\t<\/span> \t\t\t\t\t\t\t\t\t<span class=\"elementor-button-text\">En savoir plus<\/span> \t\t\t\t\t<\/span> \t\t\t\t\t<\/a> \t\t\t\t\t\t\t\t<\/div> \t\t\t\t<\/div> \t\t\t\t\t<\/div> \t\t\t\t<\/div> \t\t<div class=\"elementor-element elementor-element-9edd35d e-flex e-con-boxed e-con e-parent\" data-id=\"9edd35d\" data-element_type=\"container\" data-e-type=\"container\"> \t\t\t\t\t<div class=\"e-con-inner\"> \t\t<div class=\"elementor-element elementor-element-c8d666d e-con-full e-flex e-con e-child\" data-id=\"c8d666d\" data-element_type=\"container\" data-e-type=\"container\"> \t\t\t\t<div class=\"elementor-element elementor-element-b2f6a7c elementor-widget elementor-widget-heading\" data-id=\"b2f6a7c\" data-element_type=\"widget\" data-e-type=\"widget\" data-widget_type=\"heading.default\"> \t\t\t\t\t<h3 class=\"elementor-heading-title elementor-size-default\">Pourquoi choisir la soci\u00e9t\u00e9 Shuliy ?<\/h3>\t\t\t\t<\/div> \t\t\t\t<div class=\"elementor-element elementor-element-cd3dd36 elementor-widget-divider--view-line elementor-widget elementor-widget-divider\" data-id=\"cd3dd36\" data-element_type=\"widget\" data-e-type=\"widget\" data-widget_type=\"divider.default\"> \t\t\t\t\t\t\t<div class=\"elementor-divider\"> \t\t\t<span class=\"elementor-divider-separator\"> \t\t\t\t\t\t<\/span> \t\t<\/div> \t\t\t\t\t\t<\/div> \t\t\t\t<div class=\"elementor-element elementor-element-8e375de elementor-widget elementor-widget-text-editor\" data-id=\"8e375de\" data-element_type=\"widget\" data-e-type=\"widget\" data-widget_type=\"text-editor.default\"> \t\t\t\t\t\t\t\t\t<p>Shuliy\u00a0est un fabricant sp\u00e9cialis\u00e9 dans la production de\u00a0destructeurs de carton\u00a0depuis plus de 10\u00a0ans. Bas\u00e9s sur le concept de d\u00e9veloppement durable,\u00a0les destructeurs de carton que nous fabriquons am\u00e9liorent consid\u00e9rablement l'utilisation des vieux papiers et cartons et contribuent \u00e0 la protection de l'environnement. Nous adh\u00e9rons au service avant-vente, vente et apr\u00e8s-vente complet et ax\u00e9 sur les personnes, qui a gagn\u00e9 la confiance et les \u00e9loges de nos clients. Sur la base de l'innovation technique, nous accordons une attention particuli\u00e8re \u00e0 la gestion de la qualit\u00e9, am\u00e9liorons continuellement les niveaux de service et r\u00e9alisons le d\u00e9veloppement sain de notre entreprise. Nous avons d\u00e9sormais form\u00e9 un\u00a0syst\u00e8me\u00a0avec une \u00e9quipe de direction professionnelle et l'\u00e9lite des affaires. Nous assumons la responsabilit\u00e9 sociale d'entreprise, en nous effor\u00e7ant d'utiliser la d\u00e9chiqueteuse de carton pour mieux prot\u00e9ger l'environnement dans lequel nous vivons et de redonner activement \u00e0 la soci\u00e9t\u00e9.<\/p><p>Au cours de la derni\u00e8re ann\u00e9e, la d\u00e9chiqueteuse de carton Shuliy a \u00e9t\u00e9 livr\u00e9e dans de nombreux pays tels que l'Australie, l'Autriche, le Bangladesh, le Br\u00e9sil, le Canada, la R\u00e9publique tch\u00e8que, l'\u00c9quateur, l'Inde, l'Indon\u00e9sie, Isra\u00ebl, l'Italie, le Japon, la Jordanie, la Malaisie, le Mexique, les Pays-Bas et la Norv\u00e8ge. , Pakistan, Roumanie, Russie, Serbie, Afrique du Sud, \u00c9tats-Unis, Turquie, etc.<\/p>\t\t\t\t\t\t\t\t<\/div> \t\t\t\t<div class=\"elementor-element elementor-element-871ff78 elementor-align-left elementor-mobile-align-center elementor-widget elementor-widget-button\" data-id=\"871ff78\" data-element_type=\"widget\" data-e-type=\"widget\" data-widget_type=\"button.default\"> \t\t\t\t\t\t\t\t\t\t<a class=\"elementor-button elementor-button-link elementor-size-md\" href=\"https:\/\/cardboard-shredder.com\/fr\/about\/\"> \t\t\t\t\t\t<span class=\"elementor-button-content-wrapper\"> \t\t\t\t\t\t<span class=\"elementor-button-icon\"> \t\t\t\t<svg aria-hidden=\"true\" class=\"e-font-icon-svg e-fas-angle-double-right\" viewbox=\"0 0 448 512\" xmlns=\"http:\/\/www.w3.org\/2000\/svg\"><path d=\"M224.3 273l-136 136c-9.4 9.4-24.6 9.4-33.9 0l-22.6-22.6c-9.4-9.4-9.4-24.6 0-33.9l96.4-96.4-96.4-96.4c-9.4-9.4-9.4-24.6 0-33.9L54.3 103c9.4-9.4 24.6-9.4 33.9 0l136 136c9.5 9.4 9.5 24.6.1 34zm192-34l-136-136c-9.4-9.4-24.6-9.4-33.9 0l-22.6 22.6c-9.4 9.4-9.4 24.6 0 33.9l96.4 96.4-96.4 96.4c-9.4 9.4-9.4 24.6 0 33.9l22.6 22.6c9.4 9.4 24.6 9.4 33.9 0l136-136c9.4-9.2 9.4-24.4 0-33.8z\"><\/path><\/svg>\t\t\t<\/span> \t\t\t\t\t\t\t\t\t<span class=\"elementor-button-text\">\u00c0 propos de la soci\u00e9t\u00e9 Shuliy<\/span> \t\t\t\t\t<\/span> \t\t\t\t\t<\/a> \t\t\t\t\t\t\t\t<\/div> \t\t\t\t<\/div> \t\t<div class=\"elementor-element elementor-element-945f89b e-con-full e-flex e-con e-child\" data-id=\"945f89b\" data-element_type=\"container\" data-e-type=\"container\"> \t\t\t\t<div class=\"elementor-element elementor-element-16ae009 elementor-widget elementor-widget-image\" data-id=\"16ae009\" data-element_type=\"widget\" data-e-type=\"widget\" data-widget_type=\"image.default\"> \t\t\t\t\t\t\t\t\t\t\t\t\t\t\t<img decoding=\"async\" width=\"720\" height=\"540\" src=\"https:\/\/cardboard-shredder.com\/wp-content\/uploads\/2021\/04\/Customer-case.jpg\" class=\"attachment-full size-full wp-image-604\" alt=\"Un client russe a command\u00e9 la d\u00e9chiqueteuse de carton\" srcset=\"https:\/\/cardboard-shredder.com\/wp-content\/uploads\/2021\/04\/Customer-case.jpg 720w, https:\/\/cardboard-shredder.com\/wp-content\/uploads\/2021\/04\/Customer-case-300x225.jpg 300w\" sizes=\"(max-width: 720px) 100vw, 720px\" \/>\t\t\t\t\t\t\t\t\t\t\t\t\t\t\t<\/div> \t\t\t\t<\/div> \t\t\t\t\t<\/div> \t\t\t\t<\/div> \t\t<div class=\"elementor-element elementor-element-327b616 e-flex e-con-boxed e-con e-parent\" data-id=\"327b616\" data-element_type=\"container\" data-e-type=\"container\" data-settings=\"{&quot;background_background&quot;:&quot;gradient&quot;,&quot;shape_divider_bottom&quot;:&quot;arrow&quot;,&quot;shape_divider_bottom_negative&quot;:&quot;yes&quot;}\"> \t\t\t\t\t<div class=\"e-con-inner\"> \t\t\t\t<div class=\"elementor-shape elementor-shape-bottom\" aria-hidden=\"true\" data-negative=\"true\"> \t\t\t<svg xmlns=\"http:\/\/www.w3.org\/2000\/svg\" viewbox=\"0 0 700 10\" preserveaspectratio=\"none\"> \t<path class=\"elementor-shape-fill\" d=\"M360 0L350 9.9 340 0 0 0 0 10 700 10 700 0\"\/> <\/svg>\t\t<\/div> \t\t\t\t<div class=\"elementor-element elementor-element-be289fc elementor-widget elementor-widget-heading\" data-id=\"be289fc\" data-element_type=\"widget\" data-e-type=\"widget\" data-widget_type=\"heading.default\"> \t\t\t\t\t<h3 class=\"elementor-heading-title elementor-size-default\">Vid\u00e9o de fonctionnement du broyeur de carton<\/h3>\t\t\t\t<\/div> \t\t\t\t<div class=\"elementor-element elementor-element-e9f1bc7 elementor-widget elementor-widget-video\" data-id=\"e9f1bc7\" data-element_type=\"widget\" data-e-type=\"widget\" data-settings=\"{&quot;youtube_url&quot;:&quot;https:\\\/\\\/youtu.be\\\/vgLfJhFRyR4&quot;,&quot;video_type&quot;:&quot;youtube&quot;,&quot;controls&quot;:&quot;yes&quot;}\" data-widget_type=\"video.default\"> \t\t\t\t\t\t\t<div class=\"elementor-wrapper elementor-open-inline\"> \t\t\t<div class=\"elementor-video\"><\/div>\t\t<\/div> \t\t\t\t\t\t<\/div> \t\t\t\t\t<\/div> \t\t\t\t<\/div> \t\t<div class=\"elementor-element elementor-element-8185531 e-flex e-con-boxed e-con e-parent\" data-id=\"8185531\" data-element_type=\"container\" data-e-type=\"container\" data-settings=\"{&quot;background_background&quot;:&quot;classic&quot;}\"> \t\t\t\t\t<div class=\"e-con-inner\"> \t\t\t\t<div class=\"elementor-element elementor-element-e8a7cd0 elementor-widget elementor-widget-heading\" data-id=\"e8a7cd0\" data-element_type=\"widget\" data-e-type=\"widget\" data-widget_type=\"heading.default\"> \t\t\t\t\t<h3 class=\"elementor-heading-title elementor-size-default\">Contactez-nous pour en savoir plus<\/h3>\t\t\t\t<\/div> \t\t\t\t\t<\/div> \t\t\t\t<\/div> \t\t\t\t<\/div>","protected":false},"excerpt":{"rendered":"<p>Professional cardboard shredder manufacturer What is cardboard shredder? Cardboard shredder is a kind of environmental protection equipment, and is designed to shred wasted cardboard and paper, improving the utilization rate of waste items. The shredded cardboard is widely applied as filling or cushioning material in packaging\u00a0such as precision instruments, meters, appliances, ceramics, glass, crafts\u00a0and furniture\u00a0etc. [&hellip;]<\/p>\n","protected":false},"author":1,"featured_media":0,"parent":0,"menu_order":0,"comment_status":"closed","ping_status":"open","template":"elementor_header_footer","meta":{"footnotes":""},"class_list":["post-2","page","type-page","status-publish","hentry"],"_links":{"self":[{"href":"https:\/\/cardboard-shredder.com\/fr\/wp-json\/wp\/v2\/pages\/2","targetHints":{"allow":["GET"]}}],"collection":[{"href":"https:\/\/cardboard-shredder.com\/fr\/wp-json\/wp\/v2\/pages"}],"about":[{"href":"https:\/\/cardboard-shredder.com\/fr\/wp-json\/wp\/v2\/types\/page"}],"author":[{"embeddable":true,"href":"https:\/\/cardboard-shredder.com\/fr\/wp-json\/wp\/v2\/users\/1"}],"replies":[{"embeddable":true,"href":"https:\/\/cardboard-shredder.com\/fr\/wp-json\/wp\/v2\/comments?post=2"}],"version-history":[{"count":0,"href":"https:\/\/cardboard-shredder.com\/fr\/wp-json\/wp\/v2\/pages\/2\/revisions"}],"wp:attachment":[{"href":"https:\/\/cardboard-shredder.com\/fr\/wp-json\/wp\/v2\/media?parent=2"}],"curies":[{"name":"wp","href":"https:\/\/api.w.org\/{rel}","templated":true}]}}